{"id":3,"date":"2009-09-28T17:13:09","date_gmt":"2009-09-28T15:13:09","guid":{"rendered":"http:\/\/ovcs:8890\/?page_id=3"},"modified":"2019-05-13T11:15:27","modified_gmt":"2019-05-13T08:15:27","slug":"the_patriarch","status":"publish","type":"page","link":"https:\/\/old.mospat.ru\/fr\/the_patriarch\/","title":{"rendered":"Sa Saintet\u00e9 le Patriarche"},"content":{"rendered":"<p><\/p>\n<p><h1><img loading=\"lazy\" class=\"alignright size-full wp-image-42\" style=\"margin: 5px 10px;\" title=\"Sa Saintet\u00e9 Cyrille, patriarche de Moscou et de toute la Russie.\" src=\"http:\/\/www.mospat.ru\/wp-content\/uploads\/2009\/09\/MK2.jpg\" alt=\"Sa Saintet\u00e9 Cyrille, patriarche de Moscou et de toute la Russie.\" width=\"300\" height=\"400\" srcset=\"https:\/\/old.mospat.ru\/wp-content\/uploads\/2009\/09\/MK2.jpg 300w, https:\/\/old.mospat.ru\/wp-content\/uploads\/2009\/09\/MK2-85x114.jpg 85w, https:\/\/old.mospat.ru\/wp-content\/uploads\/2009\/09\/MK2-225x300.jpg 225w\" sizes=\"(max-width: 300px) 100vw, 300px\" \/>Sa Saintet\u00e9 Cyrille, patriarche de Moscou et de toute la Russie.<\/h1>\n<h2>Biographie<\/h2>\n<p>Sa Saintet\u00e9 le patriarche de Moscou et de toute la Russie Cyrille (Vladimir Mikha\u00eflovitch Gundyaev) est n\u00e9 le 20 novembre 1946 \u00e0 L\u00e9ningrad. Son p\u00e8re, le pr\u00eatre Mikha\u00efl Vassilievitch Gundyaev, est d\u00e9c\u00e9d\u00e9 en 1974. Sa m\u00e8re, Ra\u00efssa Vladimirovna Gundyaeva, professeur d\u2019allemand, est d\u00e9c\u00e9d\u00e9e en 1984. Il a un fr\u00e8re a\u00een\u00e9, l\u2019archipr\u00eatre Nikola\u00ef Gundyaev, professeur de l\u2019Acad\u00e9mie de th\u00e9ologie de Saint-P\u00e9tersbourg, recteur de la cath\u00e9drale de la Transfiguration-du-Sauveur \u00e0 Saint-P\u00e9tersbourg. Son grand-p\u00e8re, le pr\u00eatre Vassily Stepanovitch Gundyaev, prisonnier aux \u00eeles Solovki pour activit\u00e9 religieuse et lutte contre le mouvement de r\u00e9formation au sein de l\u2019\u00e9glise a subi \u00e0 maintes reprises la d\u00e9portation et l\u2019emprisonnement.<\/p>\n<p>A l\u2019issue de sa 8<sup>e<\/sup> classe, V. Goundiaev entre dans la vie professionnelle. De 1962 \u00e0 1965, il travaille \u00e0 l\u2019Exp\u00e9dition de g\u00e9ologie de L\u00e9ningrad en tant que carthographe-technique, menant de front \u00e9tudes et profession.<\/p>\n<p>Ses \u00e9tudes secondaires achev\u00e9es, il entre en 1965 au S\u00e9minaire de L\u00e9ningrad, puis \u00e0 l\u2019Acad\u00e9mie de th\u00e9ologie, qu\u2019il termine avec mention d\u2019excellence en 1970.<\/p>\n<p>Le 3 avril 1969, il est tonsur\u00e9 par Mgr Nicod\u00e8me Rotov, m\u00e9tropolite de L\u00e9ningrad et de Novgorod. Il re\u00e7oit alors le nom de Cyrille. Le 7 avril, le m\u00e9tropolite l\u2019ordonne hi\u00e9rodiacre, puis hi\u00e9romoine le 1<sup>er<\/sup> juin de la m\u00eame ann\u00e9e.<\/p>\n<p>De 1970 \u00e0 1971, il enseigne la th\u00e9ologie dogmatique et est assistant de l\u2019inspecteur des \u00e9coles de th\u00e9ologie de L\u00e9ningrad, une fonction qu\u2019il cumule avec la charge de secr\u00e9taire personnel du m\u00e9tropolite Nicod\u00e8me de L\u00e9ningrad et Novgorod et celle de ma\u00eetre de classe du 1<sup>er<\/sup> cours de s\u00e9minaire.<\/p>\n<p>Le 12 septembre 1971, il est \u00e9lev\u00e9 au rang d\u2019archimandrite.<\/p>\n<p>De 1971 \u00e0 1974, il est Repr\u00e9sentant du Patriarcat de Moscou au Conseil \u0153cum\u00e9nique des Eglises \u00e0 Gen\u00e8ve.<\/p>\n<p>Du 26 d\u00e9cembre 1974 au 26 d\u00e9cembre 1984, il est recteur de l\u2019Acad\u00e9mie et du s\u00e9minaire de L\u00e9ningrad.<\/p>\n<p>Le 14 mars 1976, il est consacr\u00e9 \u00e9v\u00eaque de Vyborg, vicaire du dioc\u00e8se de L\u00e9ningrad. Le 2 septembre 1977, il est \u00e9lev\u00e9 \u00e0 la dignit\u00e9 d\u2019archev\u00eaque.<\/p>\n<p>A compter du 26 d\u00e9cembre 1984, il est archev\u00eaque de Smolensk et de Viazma.<\/p>\n<p>En 1986, il est nomm\u00e9 administrateur des paroisses de la r\u00e9gion de Kaliningrad.<\/p>\n<p>En 1988, il re\u00e7oit le titre d\u2019archev\u00eaque de Smolensk et de Kaliningrad.<\/p>\n<p>Le 13 novembre 1989, il devient Pr\u00e9sident du D\u00e9partement des relations ext\u00e9rieures de l\u2019Eglise et membre permanent du Saint-Synode.<\/p>\n<p>Le 25 f\u00e9vrier 1991, il est \u00e9lev\u00e9 au rang de m\u00e9tropolite.<\/p>\n<p>Le 27 f\u00e9vrier 2009, le Concile local de l\u2019Eglise orthodoxe russe \u00e9lit le m\u00e9tropolite Cyrille de Smolensk et de Kaliningrad Patriarche de Moscou et de toute la Russie.<\/p>\n<p>Le 1<sup>er<\/sup> f\u00e9vrier 2009 a lieu l\u2019intronisation de Sa Saintet\u00e9 le Patriarche Cyrille.<\/p>\n<p>La hi\u00e9rarchie de l\u2019Eglise orthodoxe russe avait charg\u00e9 Son \u00e9minence Cyrille des fonctions suivantes\u00a0:<\/p>\n<p>De 1975 \u00e0 1982\u00a0: pr\u00e9sident du Conseil dioc\u00e9sain de L\u00e9ningrad.<\/p>\n<p>De 1975 \u00e0 1998, membre du Comit\u00e9 central et du Comit\u00e9 ex\u00e9cutif du Conseil \u0153cum\u00e9nique des \u00e9glises.<\/p>\n<p>De 1976 \u00e0 1978, suppl\u00e9ant de l\u2019exarque patriarcal d\u2019Europe occidentale<\/p>\n<p>De 1976 \u00e0 1984, membre de la Commission du Saint-Synode pour l\u2019unit\u00e9 chr\u00e9tienne.<\/p>\n<p>De 1987 \u00e0 1984, administrateur des paroisses patriarcales en Finlande<\/p>\n<p>De 1978 \u00e0 1984, vice-pr\u00e9sident de la filiale du D\u00e9partement des relations ext\u00e9rieures \u00e0 L\u00e9ningrad.<\/p>\n<p>De 1980 \u00e0 1988, membre de la commission pour la pr\u00e9paration et la c\u00e9l\u00e9bration du Mill\u00e9naire du bapt\u00eame de la Russie.<\/p>\n<p>En 1990, membre de la commission pour la pr\u00e9paration du Concile local de l\u2019Eglise orthodoxe russe.<\/p>\n<p>En 1990, membre de la commission pour le soutien au d\u00e9passement des effets de l\u2019accident de Tchernobyl.<\/p>\n<p>De 1989 \u00e0 1996, administrateur du doyenn\u00e9 orthodoxe de Hongrie.<\/p>\n<p>De 1990 \u00e0 1991, administrateur temporaire du dioc\u00e8se de La Hague en Hollande.<\/p>\n<p>De 1990 \u00e0 1993, administrateur temporaire du dioc\u00e8se de Cherson\u00e8se\u00a0;<\/p>\n<p>De 1990 \u00e0 1993, Pr\u00e9sident de la Commission du Saint-Synode pour la renaissance de l\u2019\u00e9ducation religieuse et morale et des \u0153uvres de bienfaisance.<\/p>\n<p>De 1990 \u00e0 2000, Pr\u00e9sident de la Commission du Saint-Synode pour l\u2019introduction d\u2019amendements aux Statuts de l\u2019Eglise orthodoxe russe. Les Statuts ont \u00e9t\u00e9 adopt\u00e9s au Concile \u00e9piscopal jubilaire de l\u2019an 2000.<\/p>\n<p>De 1994 \u00e0 2002, membre du Conseil public pour la reconstruction de l\u2019\u00e9glise du Christ-Sauveur\u00a0;<\/p>\n<p>De 1994 \u00e0 1996, membre du Conseil de politique ext\u00e9rieure du Minist\u00e8re des affaires \u00e9trang\u00e8res russe.<\/p>\n<p>De 1995 \u00e0 2000, pr\u00e9sident du groupe de travail synodal pour l\u2019\u00e9laboration d\u2019une Conception de l\u2019Eglise orthodoxe russe sur les relations entre l\u2019Eglise et l\u2019\u00e9tat et les questions de la soci\u00e9t\u00e9 moderne en g\u00e9n\u00e9ral.<\/p>\n<p>De 1995 \u00e0 1999, membre du Comit\u00e9 d\u2019organisation russe des comm\u00e9morations de la Grande guerre patriotique de 1941-1945.<\/p>\n<p>De 1996 \u00e0 2000, membre de l\u2019Observatoire de la Fondation Cinquentenaire de la Victoire.<\/p>\n<p>De 2006 \u00e0 2008, Directeur du groupe de travail sur l\u2019\u00e9laboration des \u00ab\u00a0Principes de la doctrine de l\u2019Eglise orthodoxe russe sur la dignit\u00e9, la libert\u00e9 et les droits de l\u2019homme\u00a0\u00bb\u00a0;<\/p>\n<p>Depuis 2008, Pr\u00e9sident du Conseil d\u2019experts \u00ab\u00a0\u00c9conomie et \u00e9thique\u00a0\u00bb pr\u00e8s le D\u00e9partement des affaires ext\u00e9rieures du Patriarcat de Moscou (aujourd\u2019hui Conseil d\u2019experts \u00ab\u00a0\u00c9conomie et \u00e9thique\u00a0\u00bb pr\u00e8s le Patriarche de Moscou et de toute la Russie).<\/p>\n<p>Au moment de son \u00e9lection \u00e0 la chaire patriarcale, le m\u00e9tropolite Cyrille \u00e9tait\u00a0:<\/p>\n<p>Membre permanent du Saint-Synode (depuis 1989)\u00a0;<\/p>\n<p>Pr\u00e9sident du D\u00e9partement des affaires ext\u00e9rieures de l\u2019Eglise (depuis 1989)\u00a0;<\/p>\n<p>Administrateur des paroisses patriarcales de Finlande (depuis 1990)\u00a0;<\/p>\n<p>Membre de la Commission th\u00e9ologique synodale (depuis le 26 f\u00e9vrier 1994)\u00a0;<\/p>\n<p>Membre de la Commission biblique patriarcale et synodale (depuis 1990)\u00a0;<\/p>\n<p>Co-pr\u00e9sident (depuis 1993) et suppl\u00e9ant (depuis 1995) du Concile mondial du peuple russe, pr\u00e9sident des branches de Smolensk (depuis 1996) et de Kaliningrad (depuis 1997).<\/p>\n<p>Membre du Conseil du mouvement des provinces (depuis 1993)<\/p>\n<p>Membre de la Soci\u00e9t\u00e9 russe de Palestine\u00a0;<\/p>\n<p>Auteur et animateur de l\u2019\u00e9mission t\u00e9l\u00e9vis\u00e9e hebdomadaire \u00ab\u00a0Parole de pasteur\u00a0\u00bb sur la Premi\u00e8re cha\u00eene (depuis 1994)\u00a0;<\/p>\n<p>Pr\u00e9sident d\u2019honneur de la Conf\u00e9rence mondiale \u00ab\u00a0Religion et paix\u00a0\u00bb (depuis 1994)\u00a0;<\/p>\n<p>Membre du Conseil pr\u00e9sidentiel pour la coop\u00e9ration avec les associations religieuses (depuis 1995)\u00a0;<\/p>\n<p>Membre de la Commission pr\u00e9sidentielle des d\u00e9corations d\u2019\u00e9tat dans le domaine de la litt\u00e9rature et de l\u2019art (depuis 1995)\u00a0;<\/p>\n<p>Membre d\u2019honneur du Club des intellectuels et des hommes d\u2019affaires de Moscou (depuis 1995)\u00a0;<\/p>\n<p>Co-pr\u00e9sident du Comit\u00e9 consultatif interconfessionnel chr\u00e9tien (depuis 1996)\u00a0;<\/p>\n<p>Membre du Pr\u00e9sidium du Conseil interreligieux de Russie (depuis 1998)\u00a0;<\/p>\n<p>R\u00e9dacteur en chef des revues <em>L\u2019Eglise et le temps<\/em> (depuis 1991), <em>Informations dioc\u00e9saines de Smolensk<\/em> (depuis 1993), <em>Le P\u00e8lerin orthodoxe<\/em> (depuis 2001)\u00a0;<\/p>\n<p>Membre du Conseil eccl\u00e9sial scientifique pour la publication de <em>L\u2019Encyclop\u00e9die orthodoxe<\/em> (depuis 1999)\u00a0;<\/p>\n<p>Membre du Conseil d\u2019observation de l\u2019\u00e9glise du Christ Sauveur (depuis 2002)\u00a0;<\/p>\n<p>Co-pr\u00e9sident du Conseil des leaders religieux europ\u00e9ens (depuis 2002)\u00a0;<\/p>\n<p>Pr\u00e9sident du Comit\u00e9 d\u2019organisation de l\u2019exposition \u00ab\u00a0La Russie orthodoxe\u00a0\u00bb (depuis 2003)\u00a0;<\/p>\n<p>Co-pr\u00e9sident du Groupe de travail pour la coop\u00e9ration de l\u2019Eglise orthodoxe russe avec le Minist\u00e8re des affaires \u00e9trang\u00e8res russes (depuis 2003)\u00a0;<\/p>\n<p>Pr\u00e9sident du Comit\u00e9 ex\u00e9cutif du Conseil interreligieux de la Conf\u00e9d\u00e9ration des \u00e9tats ind\u00e9pendants (depuis 2004)\u00a0;<\/p>\n<p>Membre du Pr\u00e9sidium du Conseil interreligieux de la Conf\u00e9d\u00e9ration des \u00e9tats ind\u00e9pendants (depuis 2004)\u00a0;<\/p>\n<p>Pr\u00e9sident de la Commission des paroisses d\u2019ancien rite et pour la coop\u00e9ration avec le mouvement Vieux-croyant (depuis 2005)\u00a0;<\/p>\n<p>Pr\u00e9sident du Groupe de travail pour l\u2019\u00e9laboration d\u2019un document conceptuel exposant la position de l\u2019Eglise orthodoxe russe dans le domaine des relations interreligieuses (depuis 2005)\u00a0;<\/p>\n<p>Pr\u00e9sident du groupe de travail pour l\u2019\u00e9laboration d\u2019un document exprimant la position de l\u2019Eglise orthodoxe russe sur la globalisation (depuis 2005)\u00a0;<\/p>\n<p>Membre de la Commission commune pour la politique des nationalit\u00e9s et les relations de l\u2019\u00e9tat et des associations religieuses (depuis 2006)\u00a0;<\/p>\n<p>Co-pr\u00e9sident de la Conf\u00e9rence mondiale \u00ab\u00a0Religions pour la paix\u00a0\u00bb (depuis 2006)\u00a0;<\/p>\n<p><em>Locum-tenens<\/em> du tr\u00f4ne patriarcal (depuis le 6 d\u00e9cembre 2008).<\/p>\n<p>Sa Saintet\u00e9 le Patriarche Cyrille est candidat en th\u00e9ologie de l\u2019Acad\u00e9mie de th\u00e9ologie de L\u00e9ningrad (1970)\u00a0; docteur en th\u00e9ologie <em>honoris causa<\/em> de l\u2019Acad\u00e9mie de th\u00e9ologie de Budapest (1987). De 1974 \u00e0 1984, il a \u00e9t\u00e9 charg\u00e9 de cours \u00e0 la chaire de Patrologie de l\u2019Acad\u00e9mie de th\u00e9ologie de L\u00e9ningrad\u00a0; \u00e0 compter de 1986, il est membre d\u2019honneur de l\u2019Acad\u00e9mie de th\u00e9ologie de Saint-P\u00e9tersbourg\u00a0; depuis 1992, il est membre de l\u2019Acad\u00e9mie des arts\u00a0; depuis 1994, membre d\u2019honneur de l\u2019Acad\u00e9mie internationale d\u2019Eurasie\u00a0; en 1996, il est nomm\u00e9 professeur honoraire de l\u2019Acad\u00e9mie militaire (aujourd\u2019hui universit\u00e9) de d\u00e9fense anti-missile de l\u2019arm\u00e9e de terre\u00a0; depuis 1997, il est membre titulaire de l\u2019Acad\u00e9mie de litt\u00e9rature russe\u00a0; depuis 2002, membre titulaire de l\u2019Acad\u00e9mie des sciences sociales et humaines (depuis 2003, Acad\u00e9mie publique russe des sciences sociales)\u00a0; depuis 2002, membre honoraire de l\u2019Universit\u00e9 d\u2019\u00e9tat des Sciences Politiques de P\u00e9rouse (Italie)\u00a0; depuis 2004, docteur en th\u00e9ologie <em>honoris causa<\/em> de l\u2019Acad\u00e9mie chr\u00e9tienne de Varsovie (Pologne)\u00a0; depuis 2004, professeur honoraire de l\u2019Universit\u00e9 des sciences humaines de Smolensk\u00a0; depuis 2005, professeur honoraire de l\u2019Universit\u00e9 d\u2019Astrakhan\u00a0; depuis 2005, docteur <em>honoris causa<\/em> de l\u2019Universit\u00e9 sociale nationale russe\u00a0; depuis 2006, professeur honoraire de l\u2019Institut de marine militaire de la Baltique \u00ab\u00a0Amiral Fiodor Ouchakov\u00a0\u00bb\u00a0; depuis 2007, pr\u00e9sident d\u2019honneur de l\u2019Acad\u00e9mie de litt\u00e9rature russe\u00a0; depuis 2007, docteur <em>honoris causa<\/em> de l\u2019Universit\u00e9 d\u2019\u00e9tat polytechnique de Saint-P\u00e9tersbourg.<\/p>\n<p>Il est l\u2019auteur des ouvrages suivants\u00a0: <em>La Formation et le d\u00e9veloppement de la hi\u00e9rarchie eccl\u00e9siastique et la doctrine de l\u2019Eglise orthodoxe sur la gr\u00e2ce qui lui est propre<\/em> (L\u00e9ningrad, 1971, en russe)\u00a0; <em>Les d\u00e9fis de la civilisation contemporaine. Quelle r\u00e9ponse y apporte l\u2019Eglise orthodoxe\u00a0? <\/em>(Moscou, 2002, en russe), <em>Parole de pasteur. Dieu et l\u2019homme. Histoire du salut<\/em> (Moscou, 2004, en russe)\u00a0; <em>L\u2019Evangile et la libert\u00e9. Les valeurs de la Tradition dans la societe la\u00efque<\/em> (Paris, 2006, en fran\u00e7ais),<em> Libert\u00e9 et responsabilit\u00e9\u00a0: \u00e0 la recherche d\u2019une harmonie<\/em> (Moscou, 2008, en russe), ainsi que d\u2019autres ouvrages et de plus de 700 publications, y compris des publications dans des p\u00e9riodiques russes et \u00e9trangers. Il a \u00e9galement publi\u00e9 les s\u00e9ries d\u2019\u00e9missions t\u00e9l\u00e9vis\u00e9es \u00ab\u00a0Parole de pasteur\u00a0\u00bb\u00a0 dont\u00a0: \u00ab\u00a0Introduction \u00e0 la doctrine orthodoxe\u00a0\u00bb, \u00ab\u00a0Parole, sacrement, Eglise\u00a0\u00bb, \u00ab\u00a0L\u2019Histoire de l\u2019Eglise pal\u00e9ochr\u00e9tienne et la doctrine de l\u2019Eglise\u00a0\u00bb\u00a0; \u00ab\u00a0Le Concile \u00e9piscopal jubilaire\u00a0\u00bb\u00a0; \u00ab\u00a0Les Principes de la conception sociale\u00a0\u00bb, \u00ab\u00a0Les Statuts de l\u2019Eglise orthodoxe russe\u00a0\u00bb, \u00ab\u00a0Les actes de canonisation\u00a0\u00bb, \u00ab\u00a0La relation \u00e0 l\u2019h\u00e9t\u00e9rodoxie\u00a0\u00bb, \u00ab\u00a0Parole de pasteur\u00a0: L\u2019Eglise, l\u2019\u00e9tat et la politique\u00a0\u00bb (1<sup>e<\/sup> partie), \u00ab\u00a0L\u2019Eglise, la personne et la soci\u00e9t\u00e9\u00a0\u00bb (2<sup>e<\/sup> partie), \u00ab\u00a0De la foi et du salut\u00a0\u00bb (3<sup>e<\/sup> partie). Il a publi\u00e9 un cycle d\u2019hom\u00e9lies pour le grand car\u00eame sur support audio.<\/p>\n<p>Il a \u00e9t\u00e9 invit\u00e9 pour des conf\u00e9rences \u00e0 Rome (1972), \u00e0 l\u2019universit\u00e9 de Helsinki, \u00e0 l\u2019Acad\u00e9mie \u00ab\u00a0Abu\u00a0\u00bb de Turku, au S\u00e9minaire orthodoxe de Kuopio (Finlande, 1975), \u00e0 l\u2019Institut \u0153cum\u00e9nique de Bossey (Suisse, 1972, 1973), \u00e0 l\u2019Universit\u00e9 de Munster (Allemagne, 1988), \u00e0 l\u2019Universit\u00e9 d\u2019Udine (Italie, 1988), \u00e0 l\u2019Universit\u00e9 d\u2019\u00e9tat de P\u00e9rouse (Italie, 2002) et \u00e0 l\u2019Acad\u00e9mie chr\u00e9tienne de Varsovie (Pologne, 2004).<\/p>\n<p>Il a \u00e9t\u00e9 le premier repr\u00e9sentant de l\u2019Eglise orthodoxe russe au \u00ab\u00a0Syndesmos\u00a0\u00bb, Fraternit\u00e9 mondiale des organismes de jeunesse orthodoxe. De 1971 \u00e0 1977, il a \u00e9t\u00e9 membre du Comit\u00e9 ex\u00e9cutif de Syndesmos, a particip\u00e9 aux VIIIe (Boston, 1971), IXe (Gen\u00e8ve, 1977), Xe (Finlande, 1980) et XIVe (Moscou, 1992) Assembl\u00e9es g\u00e9n\u00e9rales de cette organisation\u00a0; a particip\u00e9 \u00e0 la premi\u00e8re Conf\u00e9rence pr\u00e9conciliaire du Concile pan-orthodoxe (Chamb\u00e9sy, 1976) et \u00e0 la Commission interorthodoxe pour la pr\u00e9paration du Saint et Grand Concile de l\u2019Eglise orientale orthodoxe (Chamb\u00e9sy, 1993, 1999)\u00a0; principal rapporteur au Congr\u00e8s orthodoxe \u00ab\u00a0Compr\u00e9hension commune et point de vue sur le C\u0152E\u00a0\u00bb (Chamb\u00e9sy, 1995)\u00a0; participant de la Consultation panorthodoxe sur l\u2019\u0153cum\u00e9nisme (Salonique, 1998) et la R\u00e9union des Chefs des Eglises orthodoxes locales pour la r\u00e9solution du schisme bulgare (Sofia, 1998), participant des c\u00e9l\u00e9brations panorthodoxes des 2000 ans de christianisme \u00e0 Bethl\u00e9elm, le 7 janvier 2000\u00a0; participant des n\u00e9gotiations entre les Patriarcats de Moscou et de Constantinople (Istambul, 1977, Gen\u00e8ve, 1978, Istambul, 1990, Moscou, 1991, Istambul 1993) et des consultations r\u00e9guli\u00e8res sur les probl\u00e8mes courants entre les deux Eglises. A conduit les n\u00e9gociations l\u2019Eglise orthodoxe de Constantinople sur la question de l\u2019Estonie et avec l\u2019Eglise orthodoxe roumaine sur la question de la m\u00e9tropole de Bessarabie en Moldavie (deux rencontres \u00e0 Gen\u00e8ve en 1997 et Kichinev, 1999). En 2005, il est \u00e0 la t\u00eate de la d\u00e9l\u00e9gation de l\u2019Eglise orthodoxe russe \u00e0 l\u2019intronisation du Patriarche de J\u00e9rusalem Th\u00e9ophile III.<\/p>\n<p>Dans le cadre de d\u00e9l\u00e9gations officielles, il a visit\u00e9 toutes les Eglises orthodoxes locales, accompagnant, entre autres, Sa Saintet\u00e9 le Patriarche Pim\u00e8ne et Sa Saintet\u00e9 le Patriarche Alexis II dans leurs d\u00e9placements \u00e0 l\u2019\u00e9tranger.<\/p>\n<p>Il a particip\u00e9 aux travaux d\u2019organisations interchr\u00e9tiennes. En tant que d\u00e9l\u00e9gu\u00e9, il a particip\u00e9 aux IV (Upsal, Su\u00e8de, 1968), V (Nairobi Kenya, 1975), VI (Vancouver, Canada, 1983) et VII (Canberra, Australie, 1991) Assembl\u00e9es g\u00e9n\u00e9rales du Conseil \u0153cum\u00e9nique des Eglises, ainsi qu\u2019\u00e0 la Conf\u00e9rence missionnaire mondiale \u00ab\u00a0Le Salut aujourd\u2019hui\u00a0\u00bb (Bangkok, 1973). Il a \u00e9t\u00e9 le pr\u00e9sident de la Conf\u00e9rence mondiale \u00ab\u00a0Foi, science et avenir\u00a0\u00bb (Boston, 1979) et de la Convocation internationale \u00ab\u00a0Paix, juste et sauvegarde de la cr\u00e9ation\u00a0\u00bb (S\u00e9oul, 1990). Il a particip\u00e9 aux assembl\u00e9es de la commission \u00ab\u00a0Foi et constitution\u00a0\u00bb du C\u0152E \u00e0 Accra (Ghana, 1974), \u00e0 Lima (P\u00e9rou, 1982), \u00e0 Budapest (Hongrie, 1989).<\/p>\n<p>Il a \u00e9t\u00e9 charg\u00e9 par la hierarchie de l\u2019Eglise orthodoxe russe de participer au maintien des relations avec les \u00c9glises des \u00c9tats-Unis, du Japon, d\u2019Allemagne de l\u2019Est et de l\u2019Ouest, de Finlande, d\u2019Italie, de Suisse, de Grande-Bretagne, de Belgique, de Hollande, de France, d\u2019Espagne, de Norv\u00e8ge, d\u2019Islande, de Pologne, de Tch\u00e9quie, de Slovaquie, d\u2019Ethiopie, d\u2019Australie, de Nouvelle Z\u00e9lande, d\u2019Inde, de Tha\u00eflande, du Sri-Lanka, du Laos, de Jama\u00efque, du Canada, du Congo, du Za\u00efre, d\u2019Argentine, du Chili, de Chypre, de Chine, d\u2019Afrique du Sud et de Gr\u00e8ce.<\/p>\n<p>Il a \u00e9t\u00e9 membre du Concile local jubilaire de l\u2019Eglise orthodoxe russe (juin 1988, Zagorsk), pr\u00e9sident de sa commission de r\u00e9daction et auteur du projet de Statuts de l\u2019Eglise orthodoxe russe, adopt\u00e9 par le Concile jubilaire. Il a particip\u00e9 au Concile \u00e9piscopal d\u00e9di\u00e9 au 400<sup>e<\/sup> anniversaire du r\u00e9tablissement du Patriarcat (octobre 1989) et aux Conciles \u00e9piscopaux des 25-26 octobre 1991, 31 mars \u2013 4 avril 1992, 11 juin 1992, 29 novembre \u2013 2 d\u00e9cembre 1994, 18-23 f\u00e9vr.-11 1997, 13-16 ao\u00fbt 2000, 3-6 octobre 2004\u00a0; 24-29 juin 2008.<\/p>\n<p>Il a repr\u00e9sent\u00e9 l\u2019Eglise orthodoxe russe aux commissions pour l\u2019\u00e9laboration de la loi de la R\u00e9publique sovi\u00e9tique f\u00e9d\u00e9rative de Russie sur \u00ab\u00a0la libert\u00e9 de confession\u00a0\u00bb adopt\u00e9e le 25 octobre 1990 et de la loi f\u00e9d\u00e9rale de la F\u00e9d\u00e9ration de Russie \u00ab\u00a0sur la libert\u00e9 de conscience et les associations religieuses\u00a0\u00bb du 26 septembre 1997. Il a \u00e9galement particip\u00e9 \u00e0 la formulation de la position de l\u2019Eglise et \u00e0 des actions pacifiques durant les \u00e9v\u00e8nements d\u2019ao\u00fbt 1991 et d\u2019octobre 1993.<\/p>\n<p>Il a \u00e9t\u00e9 l\u2019un des initiateurs de la cr\u00e9ation du Concile mondial du peuple russe en 1993.<\/p>\n<p>En qualit\u00e9 de repr\u00e9sentant de la commission synodale pour la renaissance de l\u2019\u00e9ducation religieuse et morale et les \u0153uvres de bienfaisance, il a initi\u00e9 la cr\u00e9ation des D\u00e9partements synodaux pour l\u2019\u00e9ducation religieuse, pour le service social et les \u0153uvres de bienfaisance, pour la coop\u00e9ration avec les forces arm\u00e9es et les institutions du maintien de l\u2019ordre. Il est l\u2019auteur de la \u00ab\u00a0Conception pour la renaissance des \u0153uvres de charit\u00e9 et de l\u2019\u00e9ducation religieuse\u00a0\u00bb, adopt\u00e9e par le Saint Synode le 30 janvier 1991. Il a \u00e9labor\u00e9 et pr\u00e9sent\u00e9 \u00e0 l\u2019approbation du Saint Synode la \u00ab\u00a0Conception pour la coop\u00e9ration de l\u2019Eglise orthodoxe russe avec les forces arm\u00e9es\u00a0\u00bb en 1994.<\/p>\n<p>De 1996 \u00e0 2000, il a dirig\u00e9 l\u2019\u00e9laboration des \u00ab\u00a0Bases de la conception sociale de l\u2019Eglise orthodoxe russe\u00a0\u00bb, document pr\u00e9sent\u00e9 au Concile \u00e9piscopal jubilaire de l\u2019an 2000.<\/p>\n<p>Il a pris part \u00e0 la normalisation de la situation eccl\u00e9siale en Estonie. A cet effet, il a visit\u00e9 les patriarcats d\u2019Antioche et de J\u00e9rusalem (d\u00e9placements au Liban, en Syrie, en Jordanie et en Isra\u00ebl en 1996), et a particip\u00e9 aux n\u00e9gociations avec les repr\u00e9sentants du Patriarcat de Constantinople \u00e0 Z\u00fcrich (Suisse) en mars et \u00e0 deux reprises en avril 1996, \u00e0 Thessalonique, Tallin et Ath\u00e8nes (1996), \u00e0 Odessa (1997), \u00e0 Gen\u00e8ve (1998), \u00e0 Moscou, Gen\u00e8ve et Z\u00fcrich (2000), \u00e0 Vienne, Berlin et Z\u00fcrich (2001), \u00e0 Moscou et Istambul (2003). A cet effet, il s\u2019est rendu \u00e0 maintes reprises en Estonie, o\u00f9 il a conduit les n\u00e9gociations avec des repr\u00e9sentants du gouvernement, des d\u00e9put\u00e9s du parlement et les milieux d\u2019affaires de ce pays.<\/p>\n<p>Il s\u2019est activement engag\u00e9 en faveur de la paix en Yougoslavie. Durant le conflit, il s\u2019est rendu \u00e0 plusieurs reprises \u00e0 Belgrade, pour des n\u00e9gociations avec le gouvernement de cet \u00e9tat\u00a0; il est \u00e0 l\u2019origine du groupe informel international chr\u00e9tien pour la paix en Yougoslavie (Vienne, mai 1999) et de la convocation d\u2019une conf\u00e9rence internationale interchr\u00e9tienne sur le th\u00e8me \u00ab\u00a0L\u2019Europe apr\u00e8s le conflit du Kosovo\u00a0: actions futures des \u00c9glises\u00a0\u00bb (Oslo, Norv\u00e8ge) en novembre 1999.<\/p>\n<p>Sa Saintet\u00e9 le Patriarche Cyrille a \u00e9t\u00e9 d\u00e9cor\u00e9 des ordres des Eglises orthodoxes d\u2019Alexandrie, d\u2019Antioche, de J\u00e9rusalem, de G\u00e9orgie, de Serbie, de Bulgarie, de Gr\u00e8ce, de Pologne, des Terres Tch\u00e8ques et de Slovaquie, d\u2019Am\u00e9rique et de Finlande. Il est \u00e9galement d\u00e9tenteur des d\u00e9corations de l\u2019Eglise orthodoxe russe suivante\u00a0: Saint grand-prince Vladimir \u00e9gal aux ap\u00f4tres (2<sup>e<\/sup> classe), Saint Alexis, m\u00e9tropolite de Moscou (2<sup>e<\/sup> classe), Saint pieux prince Daniel de Moscou (1<sup>e<\/sup> classe), Saint Serge de Radon\u00e8ge (1 et 2<sup>e<\/sup> classes), Saint Innocent, m\u00e9tropolite de Moscou (2<sup>e<\/sup> classe). Il poss\u00e8de \u00e9galement les distinctions nationales suivantes\u00a0: ordre de l\u2019Amiti\u00e9 des peuples (1988), ordre de l\u2019Amiti\u00e9 (1996), ordre \u00ab\u00a0du m\u00e9rite envers la patrie\u00a0\u00bb (3<sup>e<\/sup> classe, 2000), ordre \u00ab\u00a0du m\u00e9rite envers la patrie\u00a0\u00bb (2<sup>e<\/sup> classe).<\/p>\n<\/p>\n<p><\/p>","protected":false},"excerpt":{"rendered":"<p>Sa Saintet\u00e9 Cyrille, patriarche de Moscou et de toute la Russie. Biographie Sa Saintet\u00e9 le patriarche de Moscou et de toute la Russie Cyrille (Vladimir Mikha\u00eflovitch Gundyaev) est n\u00e9 le 20 novembre 1946 \u00e0 L\u00e9ningrad. Son p\u00e8re, le pr\u00eatre Mikha\u00efl Vassilievitch Gundyaev, est d\u00e9c\u00e9d\u00e9 en 1974. Sa m\u00e8re, Ra\u00efssa Vladimirovna Gundyaeva, professeur d\u2019allemand, est d\u00e9c\u00e9d\u00e9e [&hellip;]<\/p>\n","protected":false},"author":20,"featured_media":0,"parent":0,"menu_order":3,"comment_status":"closed","ping_status":"closed","template":"","meta":[],"_links":{"self":[{"href":"https:\/\/old.mospat.ru\/fr\/wp-json\/wp\/v2\/pages\/3"}],"collection":[{"href":"https:\/\/old.mospat.ru\/fr\/wp-json\/wp\/v2\/pages"}],"about":[{"href":"https:\/\/old.mospat.ru\/fr\/wp-json\/wp\/v2\/types\/page"}],"author":[{"embeddable":true,"href":"https:\/\/old.mospat.ru\/fr\/wp-json\/wp\/v2\/users\/20"}],"replies":[{"embeddable":true,"href":"https:\/\/old.mospat.ru\/fr\/wp-json\/wp\/v2\/comments?post=3"}],"version-history":[{"count":0,"href":"https:\/\/old.mospat.ru\/fr\/wp-json\/wp\/v2\/pages\/3\/revisions"}],"wp:attachment":[{"href":"https:\/\/old.mospat.ru\/fr\/wp-json\/wp\/v2\/media?parent=3"}],"curies":[{"name":"wp","href":"https:\/\/api.w.org\/{rel}","templated":true}]}}