{"id":239,"date":"2009-09-30T00:07:15","date_gmt":"2009-09-29T22:07:15","guid":{"rendered":"http:\/\/www.mospat.ru\/ru\/documents\/osnovy-socialnojj-koncepcii-russkojj-pravoslavnojj-cerkvi\/189\/"},"modified":"2010-06-07T16:24:37","modified_gmt":"2010-06-07T12:24:37","slug":"ix","status":"publish","type":"page","link":"https:\/\/old.mospat.ru\/fr\/documents\/social-concepts\/ix\/","title":{"rendered":"(Russian) IX. \u041f\u0440\u0435\u0441\u0442\u0443\u043f\u043d\u043e\u0441\u0442\u044c, \u043d\u0430\u043a\u0430\u0437\u0430\u043d\u0438\u0435, \u0438\u0441\u043f\u0440\u0430\u0432\u043b\u0435\u043d\u0438\u0435"},"content":{"rendered":"<p class=\"qtranxs-available-languages-message qtranxs-available-languages-message-fr\">D\u00e9sol\u00e9, cet article est seulement disponible en <a href=\"https:\/\/old.mospat.ru\/ru\/wp-json\/wp\/v2\/pages\/239\" class=\"qtranxs-available-language-link qtranxs-available-language-link-ru\" title=\"Russian\">Russe<\/a>, <a href=\"https:\/\/old.mospat.ru\/en\/wp-json\/wp\/v2\/pages\/239\" class=\"qtranxs-available-language-link qtranxs-available-language-link-en\" title=\"English\">Anglais Am\u00e9ricain<\/a>, <a href=\"https:\/\/old.mospat.ru\/gr\/wp-json\/wp\/v2\/pages\/239\" class=\"qtranxs-available-language-link qtranxs-available-language-link-gr\" title=\"Greek\">Greek<\/a> et <a href=\"https:\/\/old.mospat.ru\/it\/wp-json\/wp\/v2\/pages\/239\" class=\"qtranxs-available-language-link qtranxs-available-language-link-it\" title=\"Italiano\">Italien<\/a>.<\/p>","protected":false},"excerpt":{"rendered":"<p>D\u00e9sol\u00e9, cet article est seulement disponible en Russe, Anglais Am\u00e9ricain, Greek et Italien.<\/p>\n","protected":false},"author":20,"featured_media":0,"parent":229,"menu_order":10,"comment_status":"closed","ping_status":"open","template":"","meta":[],"_links":{"self":[{"href":"https:\/\/old.mospat.ru\/fr\/wp-json\/wp\/v2\/pages\/239"}],"collection":[{"href":"https:\/\/old.mospat.ru\/fr\/wp-json\/wp\/v2\/pages"}],"about":[{"href":"https:\/\/old.mospat.ru\/fr\/wp-json\/wp\/v2\/types\/page"}],"author":[{"embeddable":true,"href":"https:\/\/old.mospat.ru\/fr\/wp-json\/wp\/v2\/users\/20"}],"replies":[{"embeddable":true,"href":"https:\/\/old.mospat.ru\/fr\/wp-json\/wp\/v2\/comments?post=239"}],"version-history":[{"count":0,"href":"https:\/\/old.mospat.ru\/fr\/wp-json\/wp\/v2\/pages\/239\/revisions"}],"up":[{"embeddable":true,"href":"https:\/\/old.mospat.ru\/fr\/wp-json\/wp\/v2\/pages\/229"}],"wp:attachment":[{"href":"https:\/\/old.mospat.ru\/fr\/wp-json\/wp\/v2\/media?parent=239"}],"curies":[{"name":"wp","href":"https:\/\/api.w.org\/{rel}","templated":true}]}}