{"id":229,"date":"2009-09-30T00:04:58","date_gmt":"2009-09-29T22:04:58","guid":{"rendered":"http:\/\/www.mospat.ru\/documents\/osnovy-socialnojj-koncepcii-russkojj-pravoslavnojj-cerkvi\/"},"modified":"2011-06-18T13:25:17","modified_gmt":"2011-06-18T09:25:17","slug":"social-concepts","status":"publish","type":"page","link":"https:\/\/old.mospat.ru\/fr\/documents\/social-concepts\/","title":{"rendered":"(Russian) \u041e\u0441\u043d\u043e\u0432\u044b \u0441\u043e\u0446\u0438\u0430\u043b\u044c\u043d\u043e\u0439 \u043a\u043e\u043d\u0446\u0435\u043f\u0446\u0438\u0438 \u0420\u0443\u0441\u0441\u043a\u043e\u0439 \u041f\u0440\u0430\u0432\u043e\u0441\u043b\u0430\u0432\u043d\u043e\u0439 \u0426\u0435\u0440\u043a\u0432\u0438"},"content":{"rendered":"<p class=\"qtranxs-available-languages-message qtranxs-available-languages-message-fr\">D\u00e9sol\u00e9, cet article est seulement disponible en <a href=\"https:\/\/old.mospat.ru\/ru\/wp-json\/wp\/v2\/pages\/229\" class=\"qtranxs-available-language-link qtranxs-available-language-link-ru\" title=\"Russian\">Russe<\/a>, <a href=\"https:\/\/old.mospat.ru\/en\/wp-json\/wp\/v2\/pages\/229\" class=\"qtranxs-available-language-link qtranxs-available-language-link-en\" title=\"English\">Anglais Am\u00e9ricain<\/a> et <a href=\"https:\/\/old.mospat.ru\/gr\/wp-json\/wp\/v2\/pages\/229\" class=\"qtranxs-available-language-link qtranxs-available-language-link-gr\" title=\"Greek\">Greek<\/a>.<\/p>","protected":false},"excerpt":{"rendered":"<p>D\u00e9sol\u00e9, cet article est seulement disponible en Russe, Anglais Am\u00e9ricain et Greek.<\/p>\n","protected":false},"author":20,"featured_media":0,"parent":22,"menu_order":2,"comment_status":"closed","ping_status":"closed","template":"page_cat.php","meta":[],"_links":{"self":[{"href":"https:\/\/old.mospat.ru\/fr\/wp-json\/wp\/v2\/pages\/229"}],"collection":[{"href":"https:\/\/old.mospat.ru\/fr\/wp-json\/wp\/v2\/pages"}],"about":[{"href":"https:\/\/old.mospat.ru\/fr\/wp-json\/wp\/v2\/types\/page"}],"author":[{"embeddable":true,"href":"https:\/\/old.mospat.ru\/fr\/wp-json\/wp\/v2\/users\/20"}],"replies":[{"embeddable":true,"href":"https:\/\/old.mospat.ru\/fr\/wp-json\/wp\/v2\/comments?post=229"}],"version-history":[{"count":0,"href":"https:\/\/old.mospat.ru\/fr\/wp-json\/wp\/v2\/pages\/229\/revisions"}],"up":[{"embeddable":true,"href":"https:\/\/old.mospat.ru\/fr\/wp-json\/wp\/v2\/pages\/22"}],"wp:attachment":[{"href":"https:\/\/old.mospat.ru\/fr\/wp-json\/wp\/v2\/media?parent=229"}],"curies":[{"name":"wp","href":"https:\/\/api.w.org\/{rel}","templated":true}]}}