{"id":181,"date":"2009-09-29T22:50:42","date_gmt":"2009-09-29T20:50:42","guid":{"rendered":"http:\/\/www.mospat.ru\/ru\/documents\/ustav\/179\/"},"modified":"2018-08-31T15:22:40","modified_gmt":"2018-08-31T12:22:40","slug":"xx","status":"publish","type":"page","link":"https:\/\/old.mospat.ru\/fr\/documents\/ustav\/xx\/","title":{"rendered":"(Russian) XX. \u0426\u0435\u0440\u043a\u043e\u0432\u043d\u044b\u0435 \u0443\u0447\u0440\u0435\u0436\u0434\u0435\u043d\u0438\u044f \u0432 \u0434\u0430\u043b\u044c\u043d\u0435\u043c \u0437\u0430\u0440\u0443\u0431\u0435\u0436\u044c\u0435"},"content":{"rendered":"<p class=\"qtranxs-available-languages-message qtranxs-available-languages-message-fr\">D\u00e9sol\u00e9, cet article est seulement disponible en <a href=\"https:\/\/old.mospat.ru\/ru\/wp-json\/wp\/v2\/pages\/181\" class=\"qtranxs-available-language-link qtranxs-available-language-link-ru\" title=\"Russian\">Russe<\/a> et <a href=\"https:\/\/old.mospat.ru\/en\/wp-json\/wp\/v2\/pages\/181\" class=\"qtranxs-available-language-link qtranxs-available-language-link-en\" title=\"English\">Anglais Am\u00e9ricain<\/a>.<\/p>","protected":false},"excerpt":{"rendered":"<p>D\u00e9sol\u00e9, cet article est seulement disponible en Russe et Anglais Am\u00e9ricain.<\/p>\n","protected":false},"author":20,"featured_media":0,"parent":144,"menu_order":20,"comment_status":"closed","ping_status":"closed","template":"","meta":[],"_links":{"self":[{"href":"https:\/\/old.mospat.ru\/fr\/wp-json\/wp\/v2\/pages\/181"}],"collection":[{"href":"https:\/\/old.mospat.ru\/fr\/wp-json\/wp\/v2\/pages"}],"about":[{"href":"https:\/\/old.mospat.ru\/fr\/wp-json\/wp\/v2\/types\/page"}],"author":[{"embeddable":true,"href":"https:\/\/old.mospat.ru\/fr\/wp-json\/wp\/v2\/users\/20"}],"replies":[{"embeddable":true,"href":"https:\/\/old.mospat.ru\/fr\/wp-json\/wp\/v2\/comments?post=181"}],"version-history":[{"count":0,"href":"https:\/\/old.mospat.ru\/fr\/wp-json\/wp\/v2\/pages\/181\/revisions"}],"up":[{"embeddable":true,"href":"https:\/\/old.mospat.ru\/fr\/wp-json\/wp\/v2\/pages\/144"}],"wp:attachment":[{"href":"https:\/\/old.mospat.ru\/fr\/wp-json\/wp\/v2\/media?parent=181"}],"curies":[{"name":"wp","href":"https:\/\/api.w.org\/{rel}","templated":true}]}}