{"id":169,"date":"2009-09-29T22:50:42","date_gmt":"2009-09-29T20:50:42","guid":{"rendered":"http:\/\/www.mospat.ru\/ru\/documents\/ustav\/167\/"},"modified":"2018-08-08T13:29:41","modified_gmt":"2018-08-08T10:29:41","slug":"vi","status":"publish","type":"page","link":"https:\/\/old.mospat.ru\/fr\/documents\/ustav\/vi\/","title":{"rendered":"(Russian) VI. \u0412\u044b\u0441\u0448\u0438\u0439 \u0426\u0435\u0440\u043a\u043e\u0432\u043d\u044b\u0439 \u0421\u043e\u0432\u0435\u0442"},"content":{"rendered":"<p class=\"qtranxs-available-languages-message qtranxs-available-languages-message-fr\">D\u00e9sol\u00e9, cet article est seulement disponible en <a href=\"https:\/\/old.mospat.ru\/ru\/wp-json\/wp\/v2\/pages\/169\" class=\"qtranxs-available-language-link qtranxs-available-language-link-ru\" title=\"Russian\">Russe<\/a> et <a href=\"https:\/\/old.mospat.ru\/en\/wp-json\/wp\/v2\/pages\/169\" class=\"qtranxs-available-language-link qtranxs-available-language-link-en\" title=\"English\">Anglais Am\u00e9ricain<\/a>.<\/p>","protected":false},"excerpt":{"rendered":"<p>D\u00e9sol\u00e9, cet article est seulement disponible en Russe et Anglais Am\u00e9ricain.<\/p>\n","protected":false},"author":20,"featured_media":0,"parent":144,"menu_order":6,"comment_status":"closed","ping_status":"closed","template":"","meta":[],"_links":{"self":[{"href":"https:\/\/old.mospat.ru\/fr\/wp-json\/wp\/v2\/pages\/169"}],"collection":[{"href":"https:\/\/old.mospat.ru\/fr\/wp-json\/wp\/v2\/pages"}],"about":[{"href":"https:\/\/old.mospat.ru\/fr\/wp-json\/wp\/v2\/types\/page"}],"author":[{"embeddable":true,"href":"https:\/\/old.mospat.ru\/fr\/wp-json\/wp\/v2\/users\/20"}],"replies":[{"embeddable":true,"href":"https:\/\/old.mospat.ru\/fr\/wp-json\/wp\/v2\/comments?post=169"}],"version-history":[{"count":0,"href":"https:\/\/old.mospat.ru\/fr\/wp-json\/wp\/v2\/pages\/169\/revisions"}],"up":[{"embeddable":true,"href":"https:\/\/old.mospat.ru\/fr\/wp-json\/wp\/v2\/pages\/144"}],"wp:attachment":[{"href":"https:\/\/old.mospat.ru\/fr\/wp-json\/wp\/v2\/media?parent=169"}],"curies":[{"name":"wp","href":"https:\/\/api.w.org\/{rel}","templated":true}]}}