{"id":47,"date":"2009-09-28T23:35:06","date_gmt":"2009-09-28T21:35:06","guid":{"rendered":"http:\/\/ovcs:8890\/department\/%d0%ba%d0%be%d0%bd%d1%82%d0%b0%d0%ba%d1%82%d1%8b"},"modified":"2019-10-31T12:23:01","modified_gmt":"2019-10-31T09:23:01","slug":"contacts","status":"publish","type":"page","link":"https:\/\/old.mospat.ru\/es\/department\/contacts\/","title":{"rendered":"Contactos"},"content":{"rendered":"<p><\/p>\n<h1><strong>IGLESIA\u00a0 ORTODOXA\u00a0 RUSA<\/strong><\/h1>\n<h2><strong>Departamento de Relaciones Exteriores Eclesi\u00e1sticas de la Patriarqu\u00eda de Mosc\u00fa<\/strong><\/h2>\n<p>Departamento de Relaciones Exteriores Eclesi\u00e1sticas de la Patriarqu\u00eda de Mosc\u00fa<\/p>\n<p>115191, Mosc\u00fa, Danilovsky val, 22<\/p>\n<p>Correo electr\u00f3nico: ovcs@patriarchia.ru<\/p>\n<p>&nbsp;<\/p>\n<p>Tel\/fax:+7\u00a0495 633 72 81<\/p>\n<p>Secretar\u00eda para relaciones entre Iglesias Ortodoxas\u00a0 +7\u00a0495\u00a0955-67-75<\/p>\n<p>Secretar\u00eda para relaciones intercristianas\u00a0\u00a0\u00a0\u00a0 tel\/fax\u00a0 +7\u00a0495\u00a0633 84 09<\/p>\n<p>Secretar\u00eda para asuntos extranjeros\u00a0\u00a0\u00a0\u00a0\u00a0\u00a0\u00a0\u00a0\u00a0\u00a0\u00a0\u00a0\u00a0 tel.+7\u00a0495\u00a0952 20 27<\/p>\n<p>fax: +7\u00a0495\u00a0955 67 52<\/p>\n<p>Servicio de comunicaci\u00f3n\u00a0\u00a0\u00a0\u00a0\u00a0\u00a0\u00a0\u00a0\u00a0\u00a0\u00a0\u00a0\u00a0\u00a0\u00a0\u00a0\u00a0\u00a0\u00a0\u00a0\u00a0\u00a0\u00a0\u00a0\u00a0 \u00a0\u00a0\u00a0\u00a0\u00a0\u00a0\u00a0tel. +7\u00a0495\u00a0633 84 28<\/p>\n<p>Sector de publicaciones\u00a0\u00a0\u00a0\u00a0\u00a0\u00a0\u00a0\u00a0\u00a0\u00a0\u00a0\u00a0\u00a0\u00a0\u00a0\u00a0\u00a0\u00a0\u00a0\u00a0\u00a0\u00a0\u00a0\u00a0\u00a0\u00a0\u00a0\u00a0\u00a0\u00a0\u00a0\u00a0\u00a0\u00a0\u00a0 tel. +7\u00a0495\u00a0955 67 53<\/p>\n<p>Canciller\u00eda\u00a0\u00a0\u00a0\u00a0\u00a0\u00a0\u00a0\u00a0\u00a0\u00a0\u00a0\u00a0\u00a0\u00a0\u00a0\u00a0\u00a0\u00a0\u00a0\u00a0\u00a0\u00a0\u00a0\u00a0\u00a0\u00a0\u00a0\u00a0\u00a0\u00a0\u00a0\u00a0\u00a0\u00a0\u00a0\u00a0\u00a0\u00a0\u00a0\u00a0\u00a0\u00a0\u00a0\u00a0\u00a0\u00a0\u00a0\u00a0\u00a0\u00a0\u00a0\u00a0\u00a0\u00a0\u00a0\u00a0\u00a0\u00a0\u00a0 tel. +7\u00a0495\u00a0955 67 61<\/p>\n<p>fax. +7\u00a0495\u00a0633 72\u00a0811<\/p>\n<p>Sector del Protocolo\u00a0\u00a0\u00a0\u00a0\u00a0\u00a0\u00a0\u00a0\u00a0\u00a0\u00a0\u00a0\u00a0\u00a0\u00a0\u00a0\u00a0\u00a0\u00a0\u00a0\u00a0\u00a0\u00a0\u00a0\u00a0\u00a0\u00a0\u00a0\u00a0\u00a0\u00a0\u00a0\u00a0\u00a0\u00a0\u00a0\u00a0\u00a0\u00a0\u00a0\u00a0\u00a0 tel. + 7\u00a0495\u00a0955 67 51<\/p>","protected":false},"excerpt":{"rendered":"<p>IGLESIA\u00a0 ORTODOXA\u00a0 RUSA Departamento de Relaciones Exteriores Eclesi\u00e1sticas de la Patriarqu\u00eda de Mosc\u00fa Departamento de Relaciones Exteriores Eclesi\u00e1sticas de la Patriarqu\u00eda de Mosc\u00fa 115191, Mosc\u00fa, Danilovsky val, 22 Correo electr\u00f3nico: ovcs@patriarchia.ru &nbsp; Tel\/fax:+7\u00a0495 633 72 81 Secretar\u00eda para relaciones entre Iglesias Ortodoxas\u00a0 +7\u00a0495\u00a0955-67-75 Secretar\u00eda para relaciones intercristianas\u00a0\u00a0\u00a0\u00a0 tel\/fax\u00a0 +7\u00a0495\u00a0633 84 09 Secretar\u00eda para asuntos extranjeros\u00a0\u00a0\u00a0\u00a0\u00a0\u00a0\u00a0\u00a0\u00a0\u00a0\u00a0\u00a0\u00a0 [&hellip;]<\/p>\n","protected":false},"author":20,"featured_media":0,"parent":7,"menu_order":3,"comment_status":"closed","ping_status":"closed","template":"","meta":[],"_links":{"self":[{"href":"https:\/\/old.mospat.ru\/es\/wp-json\/wp\/v2\/pages\/47"}],"collection":[{"href":"https:\/\/old.mospat.ru\/es\/wp-json\/wp\/v2\/pages"}],"about":[{"href":"https:\/\/old.mospat.ru\/es\/wp-json\/wp\/v2\/types\/page"}],"author":[{"embeddable":true,"href":"https:\/\/old.mospat.ru\/es\/wp-json\/wp\/v2\/users\/20"}],"replies":[{"embeddable":true,"href":"https:\/\/old.mospat.ru\/es\/wp-json\/wp\/v2\/comments?post=47"}],"version-history":[{"count":0,"href":"https:\/\/old.mospat.ru\/es\/wp-json\/wp\/v2\/pages\/47\/revisions"}],"up":[{"embeddable":true,"href":"https:\/\/old.mospat.ru\/es\/wp-json\/wp\/v2\/pages\/7"}],"wp:attachment":[{"href":"https:\/\/old.mospat.ru\/es\/wp-json\/wp\/v2\/media?parent=47"}],"curies":[{"name":"wp","href":"https:\/\/api.w.org\/{rel}","templated":true}]}}