{"id":366,"date":"2009-09-30T00:42:31","date_gmt":"2009-09-29T22:42:31","guid":{"rendered":"http:\/\/www.mospat.ru\/ru\/documents\/dignity-freedom-rights\/466\/"},"modified":"2011-06-18T12:24:42","modified_gmt":"2011-06-18T08:24:42","slug":"iii","status":"publish","type":"page","link":"https:\/\/old.mospat.ru\/es\/documents\/dignity-freedom-rights\/iii\/","title":{"rendered":"(Russian) III. \u041f\u0440\u0430\u0432\u0430 \u0447\u0435\u043b\u043e\u0432\u0435\u043a\u0430 \u0432 \u0445\u0440\u0438\u0441\u0442\u0438\u0430\u043d\u0441\u043a\u043e\u043c \u043c\u0438\u0440\u043e\u043f\u043e\u043d\u0438\u043c\u0430\u043d\u0438\u0438 \u0438 \u0432 \u0436\u0438\u0437\u043d\u0438 \u043e\u0431\u0449\u0435\u0441\u0442\u0432\u0430"},"content":{"rendered":"<p class=\"qtranxs-available-languages-message qtranxs-available-languages-message-es\">Perdone, este documento es accesible s\u00f3lo en idioma <a href=\"https:\/\/old.mospat.ru\/ru\/wp-json\/wp\/v2\/pages\/366\" class=\"qtranxs-available-language-link qtranxs-available-language-link-ru\" title=\"Russian\">Ruso<\/a>, <a href=\"https:\/\/old.mospat.ru\/en\/wp-json\/wp\/v2\/pages\/366\" class=\"qtranxs-available-language-link qtranxs-available-language-link-en\" title=\"English\">Ingl\u00e9s Estadounidense<\/a>, <a href=\"https:\/\/old.mospat.ru\/gr\/wp-json\/wp\/v2\/pages\/366\" class=\"qtranxs-available-language-link qtranxs-available-language-link-gr\" title=\"Greek\">Greek<\/a>, <a href=\"https:\/\/old.mospat.ru\/fr\/wp-json\/wp\/v2\/pages\/366\" class=\"qtranxs-available-language-link qtranxs-available-language-link-fr\" title=\"Fran\u00e7ais\">Franc\u00e9s<\/a> y <a href=\"https:\/\/old.mospat.ru\/it\/wp-json\/wp\/v2\/pages\/366\" class=\"qtranxs-available-language-link qtranxs-available-language-link-it\" title=\"Italiano\">Italiano<\/a><\/p>","protected":false},"excerpt":{"rendered":"<p>Perdone, este documento es accesible s\u00f3lo en idioma Ruso, Ingl\u00e9s Estadounidense, Greek, Franc\u00e9s y Italiano<\/p>\n","protected":false},"author":20,"featured_media":0,"parent":355,"menu_order":4,"comment_status":"closed","ping_status":"closed","template":"","meta":[],"_links":{"self":[{"href":"https:\/\/old.mospat.ru\/es\/wp-json\/wp\/v2\/pages\/366"}],"collection":[{"href":"https:\/\/old.mospat.ru\/es\/wp-json\/wp\/v2\/pages"}],"about":[{"href":"https:\/\/old.mospat.ru\/es\/wp-json\/wp\/v2\/types\/page"}],"author":[{"embeddable":true,"href":"https:\/\/old.mospat.ru\/es\/wp-json\/wp\/v2\/users\/20"}],"replies":[{"embeddable":true,"href":"https:\/\/old.mospat.ru\/es\/wp-json\/wp\/v2\/comments?post=366"}],"version-history":[{"count":0,"href":"https:\/\/old.mospat.ru\/es\/wp-json\/wp\/v2\/pages\/366\/revisions"}],"up":[{"embeddable":true,"href":"https:\/\/old.mospat.ru\/es\/wp-json\/wp\/v2\/pages\/355"}],"wp:attachment":[{"href":"https:\/\/old.mospat.ru\/es\/wp-json\/wp\/v2\/media?parent=366"}],"curies":[{"name":"wp","href":"https:\/\/api.w.org\/{rel}","templated":true}]}}