{"id":3,"date":"2009-09-28T17:13:09","date_gmt":"2009-09-28T15:13:09","guid":{"rendered":"http:\/\/ovcs:8890\/?page_id=3"},"modified":"2019-05-13T11:15:27","modified_gmt":"2019-05-13T08:15:27","slug":"the_patriarch","status":"publish","type":"page","link":"https:\/\/old.mospat.ru\/es\/the_patriarch\/","title":{"rendered":"El Sant\u00edsimo Patriarca"},"content":{"rendered":"<p><\/p>\n<h1><img loading=\"lazy\" class=\"alignright size-full wp-image-42\" style=\"margin: 5px 10px;\" src=\"http:\/\/www.mospat.ru\/wp-content\/uploads\/2009\/09\/MK2.jpg\" alt=\"\u0421\u0432\u044f\u0442\u0435\u0439\u0448\u0438\u0439 \u041f\u0430\u0442\u0440\u0438\u0430\u0440\u0445 \u041a\u0438\u0440\u0438\u043b\u043b\" width=\"300\" height=\"400\" srcset=\"https:\/\/old.mospat.ru\/wp-content\/uploads\/2009\/09\/MK2.jpg 300w, https:\/\/old.mospat.ru\/wp-content\/uploads\/2009\/09\/MK2-85x114.jpg 85w, https:\/\/old.mospat.ru\/wp-content\/uploads\/2009\/09\/MK2-225x300.jpg 225w\" sizes=\"(max-width: 300px) 100vw, 300px\" \/>DATOS BIOGR\u00c1FICOS DE CIRILO, EL SANT\u00cdSIMO PATRIARCA DE MOSC\u00da Y TODA RUSIA<\/h1>\n<p>Cirilo, el Sant\u00edsimo Patriarca de Mosc\u00fa y toda Rusia( en la vida laica Vladimir Mijailovich Gundiaev), naci\u00f3 el 20 de noviembre de 1946 en Leningrado. Su padre, el sacerdote Mijail Vasilievich Gundiaev, falleci\u00f3 en 1974. Su madre \u2013 Raisa Vladimirovna Gundiaeva, \u00a0profesora del idioma alem\u00e1n, falleci\u00f3 en 1984. Su hermano mayor \u2013 el archidi\u00e1cono Nicolay Gundiaev, es profesor de la Academia Espiritual de San Petersburgo, el superior de la Catedral Spaso-Preobrazhensky en San Petersburgo. Su abuelo \u2013 el di\u00e1cono Vasily Stepanovich Gundiaev, el prisionero de la c\u00e1rcel en la isla Solovky donde fue encarcelado y enviado a exilios por la actividad eclesi\u00e1stica y la lucha contra el movimiento modernista en los a\u00f1os 20, 30 y 40 del siglo XX.<\/p>\n<p>Al graduarse del octavo grado de la escuela secundaria V.M.Gundiaev empez\u00f3 a trabajar en la expedici\u00f3n geol\u00f3gica de Leningrado en la Direcci\u00f3n geol\u00f3gica del Noroeste donde trabajo de 1962 a 1965 en calidad del t\u00e9cnico cart\u00f3grafo, simultaneando el trabajo con los estudios secundarios.<\/p>\n<p>Despu\u00e9s de terminar los estudios en la escuela secundaria en 1965, ingres\u00f3 en la Academia Espiritual de Leningrado de la cual se gradu\u00f3 con t\u00edtulo de honores en 1970.<\/p>\n<p>El 3 de abril de 1969 el mitropolita de Leningrado y Novgorod Nicodim(Rotov) le hizo tomar el h\u00e1bito del monje\u00a0 y se le dio el nombre de Cirilo. El 7 de abril \u00e9l mismo le hizo tomar el h\u00e1bito de archidi\u00e1cono y el 1 de junio del mismo a\u00f1o \u2013 el h\u00e1bito de hieromonje.<\/p>\n<p>De 1970 a 1971 \u2013 es profesor de la teolog\u00eda dogm\u00e1tica y el asesor del inspector de las Escuelas Espirituales de Leningrado; al mismo tiempo es el secretario personal de Nicodim, el mitropolita de Leningrado y Novgorod y el tutor del primer grado del seminario espiritual.<\/p>\n<p>El 12 de septirembre de 1971 fue elevado al orden de archimandrita.<\/p>\n<p>De 1971 a 1974 \u2013 el Representante del Patriarcado de Mosc\u00fa ante el Consejo Mundial de Iglesias en Ginebra.<\/p>\n<p>Del 26\u00a0 de diciembre de 1974 al 26 de diciembre de 1984 \u2013 el rector de la Academia Espiritual\u00a0 y del seminario de Leningrado.<\/p>\n<p>El 14 de marzo de 1976 obtuvo la quiriton\u00eda del obispo de Vyborg, el vicario de la eparqu\u00eda de Leningrado. El 2 de septiembre de 1977 fue elevado al orden de arzobispo.<\/p>\n<p>Del 26 de diciembre de 1984 \u2013 el arzobispo de Smolensk y Viazma.<\/p>\n<p>De 1986 \u2013 el gerente de las parroquias de la regi\u00f3n de Kaliningrado.<\/p>\n<p>De 1988 \u2013 arzobispo de Smolensk y Kaliningrado.<\/p>\n<p>Del 13 de noviembre de 1989 \u2013 el Presidente del Departamento de\u00a0 V\u00ednculos\u00a0 Exteriores Eclesi\u00e1sticos(\u00a0 desde agosto de 2000 \u2013 el\u00a0 Departamento de Relaciones Exteriores Eclesi\u00e1sticas), el miembro permanente del Santo S\u00ednodo.<\/p>\n<p>El 25 de febrero fue elevado al orden de mitropolita.<\/p>\n<p>El 27 de enero de 2009 el Concilio Ecum\u00e9nico de la Iglesia Ortodoxa Rusa eligi\u00f3 a Cirilo, el mitropolita de Smolensk y Kaliningrado como Patriarca de Mosc\u00fa y toda Rusia.<\/p>\n<p>El 1 de febrero de 2009 tuvo lugar la ceremonia de entronizaci\u00f3n del Santis\u00edmo Patriarca Cirilo.<\/p>\n<p>Cumpliendo las tareas de los dirigentes de la Iglesia, el Sant\u00edsimo Cirilo fue:<\/p>\n<p>De 1975 a 1982 \u2013 el presidente del Consejo Diosesano de la mitropol\u00eda de Leningrado;<\/p>\n<p>De 1975 a 1988 \u2013 el miembro del Comit\u00e9 Central y del Comit\u00e9 Ejecutivo del Consejo Mundial de Iglesias;<\/p>\n<p>De 1976 a 1978 \u2013 el vice presidente del Exarco Patri\u00e1rquico de Europa Occidental; De 1976 a 1984 \u2013 el miembro del Santo S\u00ednodo para\u00a0 los asuntos de la unidad cristiana;<\/p>\n<p>De 1978 a 1984 \u2013 el gerente de la parroquias parti\u00e1rquicas en Finlandia;<\/p>\n<p>De 1978 a 1984 \u2013 el vice presidente de la filial del Departamento de Relaciones Exteriores Eclesi\u00e1sticas en Leningrado;<\/p>\n<p>De 1980 a 1988 \u2013el miembro de la comisi\u00f3n de preparaci\u00f3n a la celebraci\u00f3n del Milenio del Bautizmo de Rusia;<\/p>\n<p>En 1990 \u2013 el miembro de la comisi\u00f3n de preparaci\u00f3n al Concilio Ecum\u00e9nico de la Iglesia Ortodoxa Rusa;<\/p>\n<p>En 1990 \u2013 el miembro de la comisi\u00f3n de colaboraci\u00f3n a los esfuerzos para superar las consecuencias de la cat\u00e1strofe de la central nuclear en Chernobyl;<\/p>\n<p>De 1989 a 1996 \u2013 el gerente de la eparqu\u00eda ortodoxa\u00a0 de Hungr\u00eda;<\/p>\n<p>De 1990 a 1991 \u2013 el gerente provisional de la eparqu\u00eda de la Haya y de Pa\u00edses Bajos;<\/p>\n<p>De 1990 a 1993 \u2013 el gerente provisional de la eparqu\u00eda de Corsun;<\/p>\n<p>De 1990 a 1993 \u2013 el presidente de la Comisi\u00f3n del Santo S\u00ednodo para restablecer la educaci\u00f3n religioso- espiritual y de caridad;<\/p>\n<p>De 1990 a 2000 \u2013 el presidente de la Comisi\u00f3n del Santo S\u00ednodo para introducir enmiendas en el Estatuto de la direcci\u00f3n de la Iglesia Ortodoxa Rusa. El Estatuto fue adoptado en el Concilio Episcopal Conmemorativo en el a\u00f1o 2000;<\/p>\n<p>De 1994 a 2002 \u2013 el miembro del Consejo P\u00fablico para restaurar la Catedral del Cristo el Salvador;<\/p>\n<p>De 1994 a 1996 \u2013 el miembro del Consejo de la Pol\u00edtica Exterior del Ministerio de Asuntos Exeriores de Rusia;<\/p>\n<p>De 1995 a 2000 \u2013 el presidente del grupo de trabajo del S\u00ednodo para elaborar la concepci\u00f3n de la Iglesia Otrodoxa Rusa sobre los asuntos de las relaciones entre la Iglesia y el Estado y sobre los problemas de la sociedad moderna en gerneral;<\/p>\n<p>De 1995 a 1999 \u2013 el miembro del Comit\u00e9 ruso de preparaci\u00f3n y organizaci\u00f3n de las actividades dedicadas a la celebraci\u00f3n de las fechas conmemorativas de la Gran Guerra Patria de 1941-1945;<\/p>\n<p>De 1996 a 2000 \u2013 el miembro del Consejo Observador de la Fundaci\u00f3n del 50 Aniversario de la Victoria;<\/p>\n<p>De 2000 a 2008 \u2013 el dirigente del grupo de trabajo para elaborar \u201cLas bases de la doctrina de la Iglesia Ortodoxa Rusa sobre la dignidad, la libertad y los derechos humanos\u201d;<\/p>\n<p>De 2008 \u2013 el presidente del Consejo de expertos \u201cEconom\u00eda y \u00c9tica\u201d ante el Departamento de Relaciones Exteriores Eclesi\u00e1sticas del Patriarcado de Mosc\u00fa(actualmente el Consejo de expertos \u201cEconom\u00eda y \u00c9tica\u201d ante el Patriarca de Mosc\u00fa y toda Rusia);<\/p>\n<p>Al momento de\u00a0 ser elegido Patriarca, el mitropolita Cirilo era:<\/p>\n<p>El miembro permanente del Santo S\u00ednodo( de 1989);<\/p>\n<p>El Presidente del Departamento del Relaciones Exteriores Eclesi\u00e1sticas(de 1989);<\/p>\n<p>El gerente de las parroquias patriarcales en Finlandia(de 1990);<\/p>\n<p>El miembro de la Comisi\u00f3n Teol\u00f3gica del S\u00ednodo(del 26 de febrero de 1994);<\/p>\n<p>El miembro de la Comisi\u00f3n B\u00edblica Patriarcal y del S\u00ednodo(de 1990);<\/p>\n<p>El Co-Presidente(de 1993) y vice jefe del Concilio Popular de Toda Rusia, el presidente de las secciones de este Concilio en Smolensk( de 1996) y en Kaliningrado( de 1997);<\/p>\n<p>El miembro del Consejo del movimiento del zemstvo( administraciones locales y provinciales en Rusia)( de 1993);<\/p>\n<p>El miembro de la Sociedad Rusa de Palestina;<\/p>\n<p>El autor y locutor del programa televisivo semanal \u201cLa palabra del pastor\u201d en la cadena 1 de la Televisi\u00f3n rusa( de 1994);<\/p>\n<p>El presidente honorario de la Conferencia Mundial \u201cReligi\u00f3n y Paz\u201d( de 1994);<\/p>\n<p>El miembro del Consejo de cooperaci\u00f3n con las uniones religiosas ante el Presidente de la Federaci\u00f3n de Rusia( de 1995);<\/p>\n<p>El miembro de la Comisi\u00f3n para los premios del Estado en la esfera de la literatura y artes ante el Presidente de la Federaci\u00f3n de Rusia( de 1995);<\/p>\n<p>El miembro honorario del Club de intelectuales y hombres de negocios de Mosc\u00fa (de 1995);<\/p>\n<p>El Co-Presidente del Comit\u00e9 Consultivo Cristiano Intercofesional(de 1996);<\/p>\n<p>El miembro del Presidium del Consejo Interreligioso de Rusia(de 1998);<br \/>\nEl redactor en jefe de las revistas \u201cIglesia y Tiempo\u201d(de 1991), \u201cNoticias Ep\u00e1rquicas de Smolensk\u201d(de 1993), \u201cPeregrino Ortodoxo\u201d(de 2001);<\/p>\n<p>El miembro del Consejo cient\u00edfico espiritual para editar la \u201cEnciclopedia Ortodoxa\u201d(de 1999);<\/p>\n<p>El miembro del Consejo Observador de la Catedral del Cristo el Salvador(de 2002);<\/p>\n<p>El Co-Presidente del Consejo de l\u00edderes religiosos europeos(de 2002);<\/p>\n<p>El Presidente del comit\u00e9 organizador de la exposici\u00f3n \u201cRusia Ortodoxa\u201d(de 2003);<\/p>\n<p>El Co-Presidente del grupo de cooperaci\u00f3n\u00a0 de la Iglesia Ortodoxa Rusa con el Ministerio de Asuntos Exteriores de Rusia(de 2003);<\/p>\n<p>El presidente del Comit\u00e9 Ejecutivo del Consejo Interreligioso de los pa\u00edses de la CEI( de 2004);<\/p>\n<p>El miembro del Presidium del Consejo Interreligioso de la CEI( de 2004);<\/p>\n<p>El presidente de la Comisi\u00f3n para los asuntos de las parroquias de la Vieja Creencia y para la cooperaci\u00f3n\u00a0 con los viejos creyentes( de 2005);<\/p>\n<p>El presidente del grupo de trabajo para redactar el documento conceptual que exponga la posici\u00f3n de la Iglesia Ortodoxa Rusa en la esfera de relaciones interreligiosas(de 2005);<\/p>\n<p>El presidente del grupo de trabajo para preparar el documento que exponga la posici\u00f3n de la Iglesia Ortodoxa Rusa sobre los problemas de la globalizaci\u00f3n(de 2005);<\/p>\n<p>El miembro de la Comisi\u00f3n Conjunta sobre la pol\u00edtica nacional y las relaciones entre el Estado y las uniones religiosas( de 2006);<\/p>\n<p>El Co-Presidente de la Conferencia Mundial \u201cReligi\u00f3n y Paz\u201d(de 2006);<\/p>\n<p>El Guardi\u00e1n de la Mesa del Altar Patriarcal( del 6 de diciembre de 2008).<\/p>\n<p>El Sant\u00edsimo Patriarca Cirilo es candidato a doctor de teolog\u00eda de la Academia Espiritual de Leningrado( de 1970), el doctor honoris causae de la Academia Espiritual de Teolog\u00eda en Budapest( de 1987).<\/p>\n<p>En 1974-1984 \u2013 el catedr\u00e1tico de la c\u00e1tedra de Patrolog\u00eda de la Academia Espiritrual de Leningrado; de 1986 \u2013 el meimbro honorario de la Academia Espiritual de San Petersburgo; de 1992 &#8211; el miembro de la Academia de Creatividad; de 1994 \u2013 el miembro honorario de la Academia Internacional\u00a0 de Eurasia; de 1996 &#8211;\u00a0 el profesor honorario de la Academia militar( actualmente la Universidad) de las Fuerzas de Defensa Antia\u00e9rea del Ej\u00e9rcito de Tierra; de 1997 \u2013 el miembro pleno de la Academia Rusa de Letras; de 2002 \u2013 el miembro pleno de la Academia de ciencias sociales y humanas( de 2003 \u2013 la Academia P\u00fablica de ciencias sociales de Rusia); de 2002 \u2013 el doctor honoris causae de politolog\u00eda de la Universidad P\u00fablica de Peruggi(Italia); de 2004 \u2013 el doctor honoris causae de teolog\u00eda de la Academia Cristiana de Varsovia(Polonia); de 2004 \u2013 el profesor honorario de la universidad humanitaria de Smolensk; de 2005 \u2013 el profesor honorario de la universidad de Astrakhan; de 2005 \u2013 el doctor honoris causae de la universidad p\u00fablica social de Rusia; de 2006; el profesor honorario del instituto naval almirante Fiodor Ushakov de Baltiysk; de 2007 \u2013 el presidente honorario de la Academia Rusa de Letras; de 2007 \u2013 el doctor honoris causae de la universidad p\u00fablica polit\u00e9cnica de San Petersburgo.<\/p>\n<p>Es el autor de los libros siguientes: \u201cFormaci\u00f3n y desarrollo de la jerarqu\u00eda y de la doctrina de la Iglesia Ortodoxa Rusa y su bendito car\u00e1cter\u201d(Leningrado, 1971); \u201cDesaf\u00edos de la civilizaci\u00f3n moderna. C\u00f3mo responde a ellos la Iglesia Ortodoxa\u201d(Mosc\u00fa, 2002);\u201dPalabra del Pastor. Dios y hombre. Historia de la Salvaci\u00f3n\u201d(M.,2004); \u201cL \u00c9vangile et la Libert\u00e9. Les valeurs de la Tradition dans la soci\u00e9t\u00e9 laique\u201d(Paris, 2006), \u201cLibertad y responsabilidad\u00a0: en la b\u00fasqueda de la armon\u00eda\u00a0\u00bb(M.,2008) y otros, as\u00ed como m\u00e1s de 700 publicaciones, incluyendo las de la prensa nacional y extranjera. Est\u00e1n editados los ciclos de programas de televisi\u00f3n \u201cPalabra del pastor\u201d \u2013 Introducc\u00f3n en la doctrina ortodoxa; \u201cPalabra-Sacramento-Iglesia\u201d \u2013 la Historia de la iglesia cristiana de los primeros a\u00f1os y la doctrina de la Iglesia; \u201cConcilio Episcopal Conmemorativo\u201d \u2013 Las Bases de la Concepci\u00f3n Social \u2013 El Estatuto de la Iglesia Ortodoxa \u2013 Actos de canonizaci\u00f3n, \u201cActitud hacia diferencias doctrinales\u201d; \u201cPalabra del pastor\u201d \u2013 Iglesia, Estado y Pol\u00edtica (la primera parte), Iglesia, personalidad, sociedad(la segunda parte), Sobre la Fe y la salvaci\u00f3n( la tercera parte). Un ciclo de pr\u00e9dicas del Cuaresma est\u00e1 producido en los discos audiovisuales.<\/p>\n<p>Fue invitado para dictar conferencias en Roma(1972), en la Universidad de Helsinki, en la Academia\u201dAbu\u201den Turku, en el seminario ortodoxo en Kuopio(Finlandia, 1975),\u00a0 en el instituto Ecum\u00e9nico en Bosset(Suiza, 19972, 1973), en la universidad de Munster(Rfa, 1988),\u00a0 en la universidad de Udin(Italia, 1988), en la Universidad P\u00fablica de Peruggi(Itlaia, 2002), en la Academia Cristiana de Varsovia(Polonia, 2004).<\/p>\n<p>Ha sido el primer representante de la Iglesia Ortodoxa Rusa en \u201cCindesmos\u201d \u2013 La Franternidad Mundial de las organizaciones ortodoxas juveniles. De 1971 a 1977 &#8211; el miembro del Comit\u00e9 Ejecutivo de \u201cCindesmos\u201d; el participante de las Asambleas Generales de esta organizaci\u00f3n en Boston, 1971 ( la octava), en Ginebra en 1977( la novena), en Helsinki, 1980( la d\u00e9cima) y en Mosc\u00fa 1992) la d\u00e9cimo- cuarta;el participante de la primera Reuni\u00f3n preconciliar de todas las Iglesias ortodoxas(Chambesie, 1976) y de la Comis\u00f3n interortodoxa para la preparaci\u00f3n del Gran y Santo Concilio de la Iglesia Ortodoxa Oriental(Chambesie, 1993, 1999); el principal ponente de la consulta ortodoxa\u201dLa comprensi\u00f3n y visi\u00f3n general de la Iglesia Ortodoxa Oriental\u201d(Chambesie, 1995), el participante de la Consulta de todas las Iglesias ortodoxas sobre los asuntos del ecumenismo (Saloniki, 19998) y de la Reuni\u00f3n de las Iglesias Ortodoxas para sanear el cisma religioso en Bulgaria(Sofia, 1998); el participante de la celebraci\u00f3n de dos milenios del cristianismo en Bel\u00e9n el 7 de enero de 2000;\u00a0 el participante de las conversaciones entre los patriarcados de Mosc\u00fa y Constantinopla\u00a0 (Estambul, 1977, Ginebra 1978, Estambul 1990, Mosc\u00fa 1991, Estambul 1993) y de condsultas regulares sobre los problemas corrientes entere ambas Iglesias; llev\u00f3 a cabo las conversacionbes con la Iglesia Ortodoxa de Constantinopla sobre Estonia y con la Iglesia Ortodoxa de Rumania sobre el problema de mitropol\u00eda de Bessarabia en Moldova( dos veces en 1997 en Ginebra y en Kishinev en 1999).<\/p>\n<p>En 2005 en calidad del jefe de la delegaci\u00f3n de la Iglesia Ortodoxa Rusa tom\u00f3 parte en la entronizaci\u00f3n de Teofilo, el Patriarca de Jerusal\u00e9n.<\/p>\n<p>Formando parte de las delegaciones oficiales visit\u00f3 todas las parroquias de las Iglesias Ortodoxas, as\u00ed como acompa\u00f1\u00f3 al Sant\u00edsimo Patriarca Pimen y al Sant\u00edsimo Patriarca Alexis Segundo en sus viajes al exterior.<\/p>\n<p>Tom\u00f3 parte en el trabajo de las organizaciones intercristianas. Como delegado particip\u00f3 en el trabajo de las Asambleas Generales del Consejo Mundial de las Iglesias en la IV en Upsala, Suecia, en 1968, en la V en Nairobi, Kenia, 1975,\u00a0\u00a0 en la VI en Vancouver, Canada, 1983, y en la VII en Canberra, Australia, 1991; en la Conferencia Mundial de misioneros \u201cSalvaci\u00f3n hoy\u201d (Bangkok, 1973), fue el presidente de la Conferencia Mundial \u201cFe, ciencia y futuro\u201d(Boston, 1979) y de la Convocatoria mundial \u201cPaz, justicia e integridad de la creaci\u00f3n\u201d(Seul, 1990); particip\u00f3 en las asambleas de la comisi\u00f3n \u201cFe y Organizaci\u00f3n\u201d del Consejo Mundial de las Iglesias en Accra(Ghana, 1974), en Lima(Per\u00fa, 1982) en Budapest (Hungr\u00eda, en 1989).<\/p>\n<p>Cumpliendo las tareas de los dirigentes de la Iglesia Ortodoxa Rusa tom\u00f3 parte en los contactos con las Iglesias de Estados Unidos, Jap\u00f3n, la RDA, la RFA,Finlandia, Italia, Suiza, Gran Breta\u00f1a, B\u00e9lgica, Holanda, Francia, Espa\u00f1a, Noruega, Islandia, Polonia, Chequia, Eslovakia, Etiop\u00eda, Australia, Nueva Zelanda, India, Tailandia, Sri Lanka, Laos, Jamaica, Canad\u00e1, Congo, Zaire, Aregentina, Chile, Chipre, China, Sud\u00e1frica, Grecia.<\/p>\n<p>Fue miembro del Concilio Conmemorativo de la Iglesia Ortodoxa Rusa(junio de 1988, Zagorsk), el presidente de su Comisi\u00f3n de Redacci\u00f3n y el autor del proyecto del Estatuto de la Iglesia Ortodoxa Rusa, adoptado por el Concilio Conmemorativo. Particip\u00f3 en el Concilio\u00a0 Episcopal dedicado al aniversario 400 del restablecimiento del orden del Patriarca(octubre de 1989) y del Concilio Episcopal Extraordinario del 30-31 de enero de 1990, as\u00ed como del Concilio del 6 al 10 de junio de 1990, de los Concilios Episcopales del 25-26 de octubre de 1991; del 31 de marzo al 4 de abril de 1992; del 11 de junio de 1992; del 29 de noviembre al 2 de diciembre de 1994; del 18 al 23 de febrero de 1997; del 13 al 16 de agosto del a\u00f1o 2000; del 3 al 6 de octubre de 2004 ; del 24 al 29 de junio de 2008.<\/p>\n<p>Represent\u00f3 a la Iglesia Ortodoxa Rusa en las comisiones para elaborar la Ley de la Rep\u00fablica Socialista Sovi\u00e9tica de Rusia \u201cSobre la libertad de la religi\u00f3n\u201d del 25 de octubre de 1990 y de la Ley Federal de la Federaci\u00f3n de Rusia \u201cSobre la libertad de la conciencia y las uniones religiosas\u201d del 26 de septiembre de 1997. Particip\u00f3 en la elaboraci\u00f3n de la posici\u00f3n de la Iglesia y las acciones pacificadoras durante los acontecimientos del mes de agosto de 1991 y de octubre de 1993.<\/p>\n<p>Fue uno de los promotores de la creaci\u00f3n del Concilio Mundial Popular Ruso en 1993.<\/p>\n<p>En calidad del presidente de la comisi\u00f3n del Santo S\u00ednodo para el renacimiento de la educaci\u00f3n religioso-espiritual y de caridad, inici\u00f3 la creaci\u00f3n de las secciones del S\u00ednodo para la educaci\u00f3n religiosa, \u00a0el servicio social y la caridad para la cooperaci\u00f3n con las fuerzas armadas y los establecimientos del orden y de la \u00a0justicia. Fue el autor de la Concepci\u00f3n del renacimiento de la caridad y de la educaci\u00f3n religiosa adoptada por el Santo S\u00ednodo el 30 de enero de 1991. Elabor\u00f3 y present\u00f3 a la adopci\u00f3n del Santo S\u00ednodo la \u201cConcepci\u00f3n de la cooperaci\u00f3n de la Iglesia Ortodoxa Rusa con las fuerzas armadas\u201d en 1994.<\/p>\n<p>De 1996 a 2000 dirigi\u00f3 la elaboraci\u00f3n y present\u00f3\u00a0 al Concilio Episcopal Conmemorativo de 2000 \u201cBases de la concepci\u00f3n social de la Iglesia Ortodoxa Rusa\u201d.<\/p>\n<p>Tom\u00f3 una parte activa en la normalizaci\u00f3n de la situaci\u00f3n en Estonia. Con relaci\u00f3n a esto visit\u00f3 los Patriarcados de Antioquia y Jerusal\u00e9n( los viajes al L\u00edbano, Siria,\u00a0 Jordania e Israel en 1996), as\u00ed como particip\u00f3 en las conversaciones con los representantes del Patriarcado de Constantinopla en Zurich(Suiza) en marzo y dos veces en abril de 1996, en Fessalonicas, Tallin y Atenas(1996), en Odesa(1997), en Ginebra(en 1998), en Mosc\u00fa, Ginebra y Zurich(2000), en Viena, Berlin y Zurich(2001), en Mosc\u00fa y Estambul(2003).Con esta misma relaci\u00f3n visit\u00f3 varias veces Estonia donde llevaba a cabo las conversaciones con los representantes del gobierno, diputados del parlamento y con los c\u00edrculos de negocios de este pa\u00eds.<\/p>\n<p>Tom\u00f3 una parte activa en las acciones pacificadoras en Yugoslavia. Varias veces durante la guierra visit\u00f3 Belgrado, llevaba a cabo las conversaciones con los dirigentes de este pa\u00eds, inici\u00f3 la creaci\u00f3n del grupo pacificador cristiano no oficial internacional sobre Yugoslavia(Viena, mayo de 1999) y la convocaci\u00f3n de la conferencia intercristiana internacional sobre el tema:\u201dEuropa despu\u00e9s de la crisis de Kosovo: las acciones ulteriores de las Iglesias\u201d en Oslo(Noruega) en noviembre de 1999.<\/p>\n<p>El Sant\u00edsimo Patriarca Cirilo est\u00e1 galardonado con las \u00f3rdenes de las tierras de Alejandr\u00eda, Antioquia, Jerusal\u00e9n, Georgia, Serbia, \u00a0Bulgaria, Ellada, Polonia y Chequia, as\u00ed como de las Iglesias Ortodoxas de Eslovaquia, Am\u00e9rica y Finlandia.<\/p>\n<p>Tambi\u00e9n est\u00e1 condecorado con las \u00f3rdenes de la Iglesia Ortodoxa Rusa: del Gran Santo Pr\u00edncipe Vladimir( II grado), del Santo Alexis, el mitropolita de Mosc\u00fa( II grado), del Santo Pr\u00edncipe Daniil de Moscovia(I grado); del Santo Sergio Radonezhsky(I y II grado); del Santo Inocencio, mitropolita de Mosc\u00fa(II grado).<\/p>\n<p>Entre las condecoraciones del Estado est\u00e1n la orden de la Amistad de los Pueblos(1988); la Orden de la Amistad(1996); la orden \u201cPor los m\u00e9ritos ante la Patria\u201d(III grado, 2000); la orden \u201cPor los m\u00e9ritos ante la Patria\u201d(II grado, 2006).<\/p>","protected":false},"excerpt":{"rendered":"<p>DATOS BIOGR\u00c1FICOS DE CIRILO, EL SANT\u00cdSIMO PATRIARCA DE MOSC\u00da Y TODA RUSIA Cirilo, el Sant\u00edsimo Patriarca de Mosc\u00fa y toda Rusia( en la vida laica Vladimir Mijailovich Gundiaev), naci\u00f3 el 20 de noviembre de 1946 en Leningrado. Su padre, el sacerdote Mijail Vasilievich Gundiaev, falleci\u00f3 en 1974. Su madre \u2013 Raisa Vladimirovna Gundiaeva, \u00a0profesora del [&hellip;]<\/p>\n","protected":false},"author":20,"featured_media":0,"parent":0,"menu_order":3,"comment_status":"closed","ping_status":"closed","template":"","meta":[],"_links":{"self":[{"href":"https:\/\/old.mospat.ru\/es\/wp-json\/wp\/v2\/pages\/3"}],"collection":[{"href":"https:\/\/old.mospat.ru\/es\/wp-json\/wp\/v2\/pages"}],"about":[{"href":"https:\/\/old.mospat.ru\/es\/wp-json\/wp\/v2\/types\/page"}],"author":[{"embeddable":true,"href":"https:\/\/old.mospat.ru\/es\/wp-json\/wp\/v2\/users\/20"}],"replies":[{"embeddable":true,"href":"https:\/\/old.mospat.ru\/es\/wp-json\/wp\/v2\/comments?post=3"}],"version-history":[{"count":0,"href":"https:\/\/old.mospat.ru\/es\/wp-json\/wp\/v2\/pages\/3\/revisions"}],"wp:attachment":[{"href":"https:\/\/old.mospat.ru\/es\/wp-json\/wp\/v2\/media?parent=3"}],"curies":[{"name":"wp","href":"https:\/\/api.w.org\/{rel}","templated":true}]}}